{"id":1181,"date":"2023-07-28T18:59:40","date_gmt":"2023-07-28T18:59:40","guid":{"rendered":"https:\/\/iepsanlucas.edu.pe\/?page_id=1181"},"modified":"2023-08-08T20:16:08","modified_gmt":"2023-08-08T20:16:08","slug":"formacion-espiritual","status":"publish","type":"page","link":"https:\/\/iepsanlucas.edu.pe\/index.php\/formacion-espiritual\/","title":{"rendered":"Formaci\u00f3n espiritual"},"content":{"rendered":"\t\t<div data-elementor-type=\"wp-page\" data-elementor-id=\"1181\" class=\"elementor elementor-1181\">\n\t\t\t\t\t\t\t\t\t<section class=\"elementor-section elementor-top-section elementor-element elementor-element-2572b9d elementor-section-full_width elementor-section-height-min-height elementor-section-content-middle elementor-section-height-default elementor-section-items-middle\" data-id=\"2572b9d\" data-element_type=\"section\" data-settings=\"{&quot;background_background&quot;:&quot;gradient&quot;,&quot;shape_divider_bottom&quot;:&quot;mountains&quot;}\">\n\t\t\t\t\t\t\t<div class=\"elementor-background-overlay\"><\/div>\n\t\t\t\t\t\t<div class=\"elementor-shape elementor-shape-bottom\" data-negative=\"false\">\n\t\t\t<svg xmlns=\"http:\/\/www.w3.org\/2000\/svg\" viewBox=\"0 0 1000 100\" preserveAspectRatio=\"none\">\n\t<path class=\"elementor-shape-fill\" opacity=\"0.33\" d=\"M473,67.3c-203.9,88.3-263.1-34-320.3,0C66,119.1,0,59.7,0,59.7V0h1000v59.7 c0,0-62.1,26.1-94.9,29.3c-32.8,3.3-62.8-12.3-75.8-22.1C806,49.6,745.3,8.7,694.9,4.7S492.4,59,473,67.3z\"\/>\n\t<path class=\"elementor-shape-fill\" opacity=\"0.66\" d=\"M734,67.3c-45.5,0-77.2-23.2-129.1-39.1c-28.6-8.7-150.3-10.1-254,39.1 s-91.7-34.4-149.2,0C115.7,118.3,0,39.8,0,39.8V0h1000v36.5c0,0-28.2-18.5-92.1-18.5C810.2,18.1,775.7,67.3,734,67.3z\"\/>\n\t<path class=\"elementor-shape-fill\" d=\"M766.1,28.9c-200-57.5-266,65.5-395.1,19.5C242,1.8,242,5.4,184.8,20.6C128,35.8,132.3,44.9,89.9,52.5C28.6,63.7,0,0,0,0 h1000c0,0-9.9,40.9-83.6,48.1S829.6,47,766.1,28.9z\"\/>\n<\/svg>\t\t<\/div>\n\t\t\t\t\t<div class=\"elementor-container elementor-column-gap-default\">\n\t\t\t\t\t<div class=\"elementor-column elementor-col-100 elementor-top-column elementor-element elementor-element-7380281\" data-id=\"7380281\" data-element_type=\"column\" data-settings=\"{&quot;background_background&quot;:&quot;classic&quot;}\">\n\t\t\t<div class=\"elementor-widget-wrap elementor-element-populated\">\n\t\t\t\t\t\t\t\t<div class=\"elementor-element elementor-element-85a120e elementor-widget elementor-widget-heading\" data-id=\"85a120e\" data-element_type=\"widget\" data-widget_type=\"heading.default\">\n\t\t\t\t<div class=\"elementor-widget-container\">\n\t\t\t<style>\/*! elementor - v3.17.0 - 08-11-2023 *\/\n.elementor-heading-title{padding:0;margin:0;line-height:1}.elementor-widget-heading .elementor-heading-title[class*=elementor-size-]>a{color:inherit;font-size:inherit;line-height:inherit}.elementor-widget-heading .elementor-heading-title.elementor-size-small{font-size:15px}.elementor-widget-heading .elementor-heading-title.elementor-size-medium{font-size:19px}.elementor-widget-heading .elementor-heading-title.elementor-size-large{font-size:29px}.elementor-widget-heading .elementor-heading-title.elementor-size-xl{font-size:39px}.elementor-widget-heading .elementor-heading-title.elementor-size-xxl{font-size:59px}<\/style><h3 class=\"elementor-heading-title elementor-size-default\">Formaci\u00f3n Espiritual<\/h3>\t\t<\/div>\n\t\t\t\t<\/div>\n\t\t\t\t\t<\/div>\n\t\t<\/div>\n\t\t\t\t\t\t\t<\/div>\n\t\t<\/section>\n\t\t\t\t<section class=\"elementor-section elementor-top-section elementor-element elementor-element-d97f6bc elementor-section-boxed elementor-section-height-default elementor-section-height-default\" data-id=\"d97f6bc\" data-element_type=\"section\">\n\t\t\t\t\t\t<div class=\"elementor-container elementor-column-gap-default\">\n\t\t\t\t\t<div class=\"elementor-column elementor-col-100 elementor-top-column elementor-element elementor-element-09fcae6\" data-id=\"09fcae6\" data-element_type=\"column\">\n\t\t\t<div class=\"elementor-widget-wrap elementor-element-populated\">\n\t\t\t\t\t\t\t\t<div class=\"elementor-element elementor-element-07b3008 elementor-widget elementor-widget-text-editor\" data-id=\"07b3008\" data-element_type=\"widget\" data-widget_type=\"text-editor.default\">\n\t\t\t\t<div class=\"elementor-widget-container\">\n\t\t\t<style>\/*! elementor - v3.17.0 - 08-11-2023 *\/\n.elementor-widget-text-editor.elementor-drop-cap-view-stacked .elementor-drop-cap{background-color:#69727d;color:#fff}.elementor-widget-text-editor.elementor-drop-cap-view-framed .elementor-drop-cap{color:#69727d;border:3px solid;background-color:transparent}.elementor-widget-text-editor:not(.elementor-drop-cap-view-default) .elementor-drop-cap{margin-top:8px}.elementor-widget-text-editor:not(.elementor-drop-cap-view-default) .elementor-drop-cap-letter{width:1em;height:1em}.elementor-widget-text-editor .elementor-drop-cap{float:left;text-align:center;line-height:1;font-size:50px}.elementor-widget-text-editor .elementor-drop-cap-letter{display:inline-block}<\/style>\t\t\t\t<p>En el coraz\u00f3n de una instituci\u00f3n educativa cristiana yace un compromiso fundamental: no solo nutrir las mentes j\u00f3venes con conocimientos acad\u00e9micos, sino tambi\u00e9n nutrir sus almas con una formaci\u00f3n espiritual s\u00f3lida. La formaci\u00f3n espiritual en este contexto no se limita a rituales religiosos, sino que implica un proceso integral de crecimiento moral, \u00e9tico y personal que refleja los valores fundamentales del cristianismo.<\/p><p>La formaci\u00f3n espiritual en una instituci\u00f3n educativa cristiana se basa en varios pilares esenciales:<\/p>\t\t\t\t\t\t<\/div>\n\t\t\t\t<\/div>\n\t\t\t\t\t<\/div>\n\t\t<\/div>\n\t\t\t\t\t\t\t<\/div>\n\t\t<\/section>\n\t\t\t\t<section class=\"elementor-section elementor-top-section elementor-element elementor-element-997e972 elementor-section-boxed elementor-section-height-default elementor-section-height-default\" data-id=\"997e972\" data-element_type=\"section\">\n\t\t\t\t\t\t<div class=\"elementor-container elementor-column-gap-default\">\n\t\t\t\t\t<div class=\"elementor-column elementor-col-66 elementor-top-column elementor-element elementor-element-40008df\" data-id=\"40008df\" data-element_type=\"column\">\n\t\t\t<div class=\"elementor-widget-wrap elementor-element-populated\">\n\t\t\t\t\t\t\t\t<div class=\"elementor-element elementor-element-2b9f1be elementor-widget elementor-widget-text-editor\" data-id=\"2b9f1be\" data-element_type=\"widget\" data-widget_type=\"text-editor.default\">\n\t\t\t\t<div class=\"elementor-widget-container\">\n\t\t\t\t\t\t\t<p><strong>1. Identidad y Valores Cristianos:<\/strong> En nuestra instituci\u00f3n educativa nos esforzamos por inculcar en los estudiantes una comprensi\u00f3n profunda de los valores cristianos, como el amor, la compasi\u00f3n, la humildad y la justicia. A trav\u00e9s de la ense\u00f1anza de historias b\u00edblicas y la reflexi\u00f3n sobre los principios fundamentales de la fe, los estudiantes aprenden a vivir sus vidas de acuerdo con estos valores.<\/p>\t\t\t\t\t\t<\/div>\n\t\t\t\t<\/div>\n\t\t\t\t\t<\/div>\n\t\t<\/div>\n\t\t\t\t<div class=\"elementor-column elementor-col-33 elementor-top-column elementor-element elementor-element-b569492\" data-id=\"b569492\" data-element_type=\"column\">\n\t\t\t<div class=\"elementor-widget-wrap elementor-element-populated\">\n\t\t\t\t\t\t\t\t<div class=\"elementor-element elementor-element-6dd4ff8 elementor-widget elementor-widget-image\" data-id=\"6dd4ff8\" data-element_type=\"widget\" data-widget_type=\"image.default\">\n\t\t\t\t<div class=\"elementor-widget-container\">\n\t\t\t<style>\/*! elementor - v3.17.0 - 08-11-2023 *\/\n.elementor-widget-image{text-align:center}.elementor-widget-image a{display:inline-block}.elementor-widget-image a img[src$=\".svg\"]{width:48px}.elementor-widget-image img{vertical-align:middle;display:inline-block}<\/style>\t\t\t\t\t\t\t\t\t\t\t\t<img decoding=\"async\" loading=\"lazy\" width=\"365\" height=\"190\" src=\"https:\/\/iepsanlucas.edu.pe\/wp-content\/uploads\/2023\/08\/oracion.webp\" class=\"attachment-large size-large wp-image-1336\" alt=\"\" srcset=\"https:\/\/iepsanlucas.edu.pe\/wp-content\/uploads\/2023\/08\/oracion.webp 365w, https:\/\/iepsanlucas.edu.pe\/wp-content\/uploads\/2023\/08\/oracion-300x156.webp 300w\" sizes=\"(max-width: 34.9rem) calc(100vw - 2rem), (max-width: 53rem) calc(8 * (100vw \/ 12)), (min-width: 53rem) calc(6 * (100vw \/ 12)), 100vw\" \/>\t\t\t\t\t\t\t\t\t\t\t\t\t\t\t<\/div>\n\t\t\t\t<\/div>\n\t\t\t\t\t<\/div>\n\t\t<\/div>\n\t\t\t\t\t\t\t<\/div>\n\t\t<\/section>\n\t\t\t\t<section class=\"elementor-section elementor-top-section elementor-element elementor-element-e83352d elementor-section-boxed elementor-section-height-default elementor-section-height-default\" data-id=\"e83352d\" data-element_type=\"section\">\n\t\t\t\t\t\t<div class=\"elementor-container elementor-column-gap-default\">\n\t\t\t\t\t<div class=\"elementor-column elementor-col-66 elementor-top-column elementor-element elementor-element-4c099e1\" data-id=\"4c099e1\" data-element_type=\"column\">\n\t\t\t<div class=\"elementor-widget-wrap elementor-element-populated\">\n\t\t\t\t\t\t\t\t<div class=\"elementor-element elementor-element-90c2a66 elementor-widget elementor-widget-text-editor\" data-id=\"90c2a66\" data-element_type=\"widget\" data-widget_type=\"text-editor.default\">\n\t\t\t\t<div class=\"elementor-widget-container\">\n\t\t\t\t\t\t\t<p><strong>2. Oraci\u00f3n y Reflexi\u00f3n:<\/strong> La oraci\u00f3n es una parte integral de la formaci\u00f3n espiritual en nuestra instituci\u00f3n. Los estudiantes se alientan a desarrollar una relaci\u00f3n personal con Dios a trav\u00e9s de la oraci\u00f3n y la reflexi\u00f3n. Esto les ayuda a encontrar direcci\u00f3n, consuelo y fortaleza en momentos de dificultad.<\/p>\t\t\t\t\t\t<\/div>\n\t\t\t\t<\/div>\n\t\t\t\t\t<\/div>\n\t\t<\/div>\n\t\t\t\t<div class=\"elementor-column elementor-col-33 elementor-top-column elementor-element elementor-element-fc2bb64\" data-id=\"fc2bb64\" data-element_type=\"column\">\n\t\t\t<div class=\"elementor-widget-wrap elementor-element-populated\">\n\t\t\t\t\t\t\t\t<div class=\"elementor-element elementor-element-26f7d09 elementor-widget elementor-widget-image\" data-id=\"26f7d09\" data-element_type=\"widget\" data-widget_type=\"image.default\">\n\t\t\t\t<div class=\"elementor-widget-container\">\n\t\t\t\t\t\t\t\t\t\t\t\t\t\t\t<img decoding=\"async\" loading=\"lazy\" width=\"365\" height=\"190\" src=\"https:\/\/iepsanlucas.edu.pe\/wp-content\/uploads\/2023\/08\/Identidad-y-Valores-Cristianos.webp\" class=\"attachment-large size-large wp-image-1326\" alt=\"\" srcset=\"https:\/\/iepsanlucas.edu.pe\/wp-content\/uploads\/2023\/08\/Identidad-y-Valores-Cristianos.webp 365w, https:\/\/iepsanlucas.edu.pe\/wp-content\/uploads\/2023\/08\/Identidad-y-Valores-Cristianos-300x156.webp 300w\" sizes=\"(max-width: 34.9rem) calc(100vw - 2rem), (max-width: 53rem) calc(8 * (100vw \/ 12)), (min-width: 53rem) calc(6 * (100vw \/ 12)), 100vw\" \/>\t\t\t\t\t\t\t\t\t\t\t\t\t\t\t<\/div>\n\t\t\t\t<\/div>\n\t\t\t\t\t<\/div>\n\t\t<\/div>\n\t\t\t\t\t\t\t<\/div>\n\t\t<\/section>\n\t\t\t\t<section class=\"elementor-section elementor-top-section elementor-element elementor-element-7b11395 elementor-section-boxed elementor-section-height-default elementor-section-height-default\" data-id=\"7b11395\" data-element_type=\"section\">\n\t\t\t\t\t\t<div class=\"elementor-container elementor-column-gap-default\">\n\t\t\t\t\t<div class=\"elementor-column elementor-col-66 elementor-top-column elementor-element elementor-element-045f474\" data-id=\"045f474\" data-element_type=\"column\">\n\t\t\t<div class=\"elementor-widget-wrap elementor-element-populated\">\n\t\t\t\t\t\t\t\t<div class=\"elementor-element elementor-element-d62da15 elementor-widget elementor-widget-text-editor\" data-id=\"d62da15\" data-element_type=\"widget\" data-widget_type=\"text-editor.default\">\n\t\t\t\t<div class=\"elementor-widget-container\">\n\t\t\t\t\t\t\t<p><strong>3. Comunidad y Servicio:<\/strong> La formaci\u00f3n espiritual en nuestra instituci\u00f3n educativa cristiana fomenta un sentido de comunidad y servicio. Los estudiantes aprenden la importancia de ayudar a los dem\u00e1s, ser compasivos y contribuir al bienestar de la sociedad. El servicio comunitario y las actividades caritativas son componentes clave para desarrollar un coraz\u00f3n generoso y comprometido.<\/p>\t\t\t\t\t\t<\/div>\n\t\t\t\t<\/div>\n\t\t\t\t\t<\/div>\n\t\t<\/div>\n\t\t\t\t<div class=\"elementor-column elementor-col-33 elementor-top-column elementor-element elementor-element-4463f92\" data-id=\"4463f92\" data-element_type=\"column\">\n\t\t\t<div class=\"elementor-widget-wrap elementor-element-populated\">\n\t\t\t\t\t\t\t\t<div class=\"elementor-element elementor-element-d46d6a8 elementor-widget elementor-widget-image\" data-id=\"d46d6a8\" data-element_type=\"widget\" data-widget_type=\"image.default\">\n\t\t\t\t<div class=\"elementor-widget-container\">\n\t\t\t\t\t\t\t\t\t\t\t\t\t\t\t<img decoding=\"async\" loading=\"lazy\" width=\"365\" height=\"190\" src=\"https:\/\/iepsanlucas.edu.pe\/wp-content\/uploads\/2023\/08\/solidaridad.webp\" class=\"attachment-large size-large wp-image-1341\" alt=\"\" srcset=\"https:\/\/iepsanlucas.edu.pe\/wp-content\/uploads\/2023\/08\/solidaridad.webp 365w, https:\/\/iepsanlucas.edu.pe\/wp-content\/uploads\/2023\/08\/solidaridad-300x156.webp 300w\" sizes=\"(max-width: 34.9rem) calc(100vw - 2rem), (max-width: 53rem) calc(8 * (100vw \/ 12)), (min-width: 53rem) calc(6 * (100vw \/ 12)), 100vw\" \/>\t\t\t\t\t\t\t\t\t\t\t\t\t\t\t<\/div>\n\t\t\t\t<\/div>\n\t\t\t\t\t<\/div>\n\t\t<\/div>\n\t\t\t\t\t\t\t<\/div>\n\t\t<\/section>\n\t\t\t\t<section class=\"elementor-section elementor-top-section elementor-element elementor-element-266c655 elementor-section-boxed elementor-section-height-default elementor-section-height-default\" data-id=\"266c655\" data-element_type=\"section\">\n\t\t\t\t\t\t<div class=\"elementor-container elementor-column-gap-default\">\n\t\t\t\t\t<div class=\"elementor-column elementor-col-66 elementor-top-column elementor-element elementor-element-cb8cf70\" data-id=\"cb8cf70\" data-element_type=\"column\">\n\t\t\t<div class=\"elementor-widget-wrap elementor-element-populated\">\n\t\t\t\t\t\t\t\t<div class=\"elementor-element elementor-element-46143f7 elementor-widget elementor-widget-text-editor\" data-id=\"46143f7\" data-element_type=\"widget\" data-widget_type=\"text-editor.default\">\n\t\t\t\t<div class=\"elementor-widget-container\">\n\t\t\t\t\t\t\t<p><strong>4. \u00c9tica y Discernimiento:<\/strong> La formaci\u00f3n espiritual tambi\u00e9n implica ense\u00f1ar a los estudiantes a tomar decisiones \u00e9ticas y morales. A trav\u00e9s de la reflexi\u00f3n sobre principios b\u00edblicos y \u00e9ticos, se les capacita para enfrentar desaf\u00edos y dilemas \u00e9ticos de manera responsable y compasiva.<\/p>\t\t\t\t\t\t<\/div>\n\t\t\t\t<\/div>\n\t\t\t\t\t<\/div>\n\t\t<\/div>\n\t\t\t\t<div class=\"elementor-column elementor-col-33 elementor-top-column elementor-element elementor-element-78d6af9\" data-id=\"78d6af9\" data-element_type=\"column\">\n\t\t\t<div class=\"elementor-widget-wrap elementor-element-populated\">\n\t\t\t\t\t\t\t\t<div class=\"elementor-element elementor-element-3498ead elementor-widget elementor-widget-image\" data-id=\"3498ead\" data-element_type=\"widget\" data-widget_type=\"image.default\">\n\t\t\t\t<div class=\"elementor-widget-container\">\n\t\t\t\t\t\t\t\t\t\t\t\t\t\t\t<img decoding=\"async\" loading=\"lazy\" width=\"365\" height=\"190\" src=\"https:\/\/iepsanlucas.edu.pe\/wp-content\/uploads\/2023\/08\/etica.webp\" class=\"attachment-large size-large wp-image-1346\" alt=\"\" srcset=\"https:\/\/iepsanlucas.edu.pe\/wp-content\/uploads\/2023\/08\/etica.webp 365w, https:\/\/iepsanlucas.edu.pe\/wp-content\/uploads\/2023\/08\/etica-300x156.webp 300w\" sizes=\"(max-width: 34.9rem) calc(100vw - 2rem), (max-width: 53rem) calc(8 * (100vw \/ 12)), (min-width: 53rem) calc(6 * (100vw \/ 12)), 100vw\" \/>\t\t\t\t\t\t\t\t\t\t\t\t\t\t\t<\/div>\n\t\t\t\t<\/div>\n\t\t\t\t\t<\/div>\n\t\t<\/div>\n\t\t\t\t\t\t\t<\/div>\n\t\t<\/section>\n\t\t\t\t<section class=\"elementor-section elementor-top-section elementor-element elementor-element-ee7521a elementor-section-boxed elementor-section-height-default elementor-section-height-default\" data-id=\"ee7521a\" data-element_type=\"section\">\n\t\t\t\t\t\t<div class=\"elementor-container elementor-column-gap-default\">\n\t\t\t\t\t<div class=\"elementor-column elementor-col-66 elementor-top-column elementor-element elementor-element-b74fefd\" data-id=\"b74fefd\" data-element_type=\"column\">\n\t\t\t<div class=\"elementor-widget-wrap elementor-element-populated\">\n\t\t\t\t\t\t\t\t<div class=\"elementor-element elementor-element-696eae6 elementor-widget elementor-widget-text-editor\" data-id=\"696eae6\" data-element_type=\"widget\" data-widget_type=\"text-editor.default\">\n\t\t\t\t<div class=\"elementor-widget-container\">\n\t\t\t\t\t\t\t<p><strong>5. Integraci\u00f3n en la Educaci\u00f3n:<\/strong> La formaci\u00f3n espiritual no se separa de la educaci\u00f3n acad\u00e9mica, sino que se integra en todas las \u00e1reas del curr\u00edculo. Los estudiantes aprenden a aplicar sus valores cristianos en su aprendizaje y en su vida cotidiana.<\/p>\t\t\t\t\t\t<\/div>\n\t\t\t\t<\/div>\n\t\t\t\t\t<\/div>\n\t\t<\/div>\n\t\t\t\t<div class=\"elementor-column elementor-col-33 elementor-top-column elementor-element elementor-element-ac5876e\" data-id=\"ac5876e\" data-element_type=\"column\">\n\t\t\t<div class=\"elementor-widget-wrap elementor-element-populated\">\n\t\t\t\t\t\t\t\t<div class=\"elementor-element elementor-element-49666d1 elementor-widget elementor-widget-image\" data-id=\"49666d1\" data-element_type=\"widget\" data-widget_type=\"image.default\">\n\t\t\t\t<div class=\"elementor-widget-container\">\n\t\t\t\t\t\t\t\t\t\t\t\t\t\t\t<img decoding=\"async\" loading=\"lazy\" width=\"365\" height=\"190\" src=\"https:\/\/iepsanlucas.edu.pe\/wp-content\/uploads\/2023\/08\/integracion.webp\" class=\"attachment-large size-large wp-image-1351\" alt=\"\" srcset=\"https:\/\/iepsanlucas.edu.pe\/wp-content\/uploads\/2023\/08\/integracion.webp 365w, https:\/\/iepsanlucas.edu.pe\/wp-content\/uploads\/2023\/08\/integracion-300x156.webp 300w\" sizes=\"(max-width: 34.9rem) calc(100vw - 2rem), (max-width: 53rem) calc(8 * (100vw \/ 12)), (min-width: 53rem) calc(6 * (100vw \/ 12)), 100vw\" \/>\t\t\t\t\t\t\t\t\t\t\t\t\t\t\t<\/div>\n\t\t\t\t<\/div>\n\t\t\t\t\t<\/div>\n\t\t<\/div>\n\t\t\t\t\t\t\t<\/div>\n\t\t<\/section>\n\t\t\t\t\t\t\t<\/div>\n\t\t","protected":false},"excerpt":{"rendered":"<p>Formaci\u00f3n Espiritual En el coraz\u00f3n de una instituci\u00f3n educativa cristiana yace un compromiso fundamental: no solo nutrir las mentes j\u00f3venes con conocimientos acad\u00e9micos, sino tambi\u00e9n nutrir sus almas con una formaci\u00f3n espiritual s\u00f3lida. La formaci\u00f3n espiritual en este contexto no se limita a rituales religiosos, sino que implica un proceso integral de crecimiento moral, \u00e9tico &hellip; <\/p>\n<p class=\"link-more\"><a href=\"https:\/\/iepsanlucas.edu.pe\/index.php\/formacion-espiritual\/\" class=\"more-link\">Seguir leyendo<span class=\"screen-reader-text\"> \u00abFormaci\u00f3n espiritual\u00bb<\/span><\/a><\/p>\n","protected":false},"author":1,"featured_media":0,"parent":0,"menu_order":0,"comment_status":"closed","ping_status":"closed","template":"elementor_header_footer","meta":{"_eb_attr":"","footnotes":""},"_links":{"self":[{"href":"https:\/\/iepsanlucas.edu.pe\/index.php\/wp-json\/wp\/v2\/pages\/1181"}],"collection":[{"href":"https:\/\/iepsanlucas.edu.pe\/index.php\/wp-json\/wp\/v2\/pages"}],"about":[{"href":"https:\/\/iepsanlucas.edu.pe\/index.php\/wp-json\/wp\/v2\/types\/page"}],"author":[{"embeddable":true,"href":"https:\/\/iepsanlucas.edu.pe\/index.php\/wp-json\/wp\/v2\/users\/1"}],"replies":[{"embeddable":true,"href":"https:\/\/iepsanlucas.edu.pe\/index.php\/wp-json\/wp\/v2\/comments?post=1181"}],"version-history":[{"count":44,"href":"https:\/\/iepsanlucas.edu.pe\/index.php\/wp-json\/wp\/v2\/pages\/1181\/revisions"}],"predecessor-version":[{"id":1360,"href":"https:\/\/iepsanlucas.edu.pe\/index.php\/wp-json\/wp\/v2\/pages\/1181\/revisions\/1360"}],"wp:attachment":[{"href":"https:\/\/iepsanlucas.edu.pe\/index.php\/wp-json\/wp\/v2\/media?parent=1181"}],"curies":[{"name":"wp","href":"https:\/\/api.w.org\/{rel}","templated":true}]}}