{"id":1217,"date":"2023-07-30T04:32:38","date_gmt":"2023-07-30T04:32:38","guid":{"rendered":"https:\/\/iepsanlucas.edu.pe\/?page_id=1217"},"modified":"2023-08-12T00:08:29","modified_gmt":"2023-08-12T00:08:29","slug":"formacion-personal","status":"publish","type":"page","link":"https:\/\/iepsanlucas.edu.pe\/index.php\/formacion-personal\/","title":{"rendered":"Formaci\u00f3n personal"},"content":{"rendered":"\t\t<div data-elementor-type=\"wp-page\" data-elementor-id=\"1217\" class=\"elementor elementor-1217\">\n\t\t\t\t\t\t\t\t\t<section class=\"elementor-section elementor-top-section elementor-element elementor-element-2572b9d elementor-section-full_width elementor-section-height-min-height elementor-section-content-middle elementor-section-height-default elementor-section-items-middle\" data-id=\"2572b9d\" data-element_type=\"section\" data-settings=\"{&quot;background_background&quot;:&quot;gradient&quot;,&quot;shape_divider_bottom&quot;:&quot;mountains&quot;}\">\n\t\t\t\t\t\t\t<div class=\"elementor-background-overlay\"><\/div>\n\t\t\t\t\t\t<div class=\"elementor-shape elementor-shape-bottom\" data-negative=\"false\">\n\t\t\t<svg xmlns=\"http:\/\/www.w3.org\/2000\/svg\" viewBox=\"0 0 1000 100\" preserveAspectRatio=\"none\">\n\t<path class=\"elementor-shape-fill\" opacity=\"0.33\" d=\"M473,67.3c-203.9,88.3-263.1-34-320.3,0C66,119.1,0,59.7,0,59.7V0h1000v59.7 c0,0-62.1,26.1-94.9,29.3c-32.8,3.3-62.8-12.3-75.8-22.1C806,49.6,745.3,8.7,694.9,4.7S492.4,59,473,67.3z\"\/>\n\t<path class=\"elementor-shape-fill\" opacity=\"0.66\" d=\"M734,67.3c-45.5,0-77.2-23.2-129.1-39.1c-28.6-8.7-150.3-10.1-254,39.1 s-91.7-34.4-149.2,0C115.7,118.3,0,39.8,0,39.8V0h1000v36.5c0,0-28.2-18.5-92.1-18.5C810.2,18.1,775.7,67.3,734,67.3z\"\/>\n\t<path class=\"elementor-shape-fill\" d=\"M766.1,28.9c-200-57.5-266,65.5-395.1,19.5C242,1.8,242,5.4,184.8,20.6C128,35.8,132.3,44.9,89.9,52.5C28.6,63.7,0,0,0,0 h1000c0,0-9.9,40.9-83.6,48.1S829.6,47,766.1,28.9z\"\/>\n<\/svg>\t\t<\/div>\n\t\t\t\t\t<div class=\"elementor-container elementor-column-gap-default\">\n\t\t\t\t\t<div class=\"elementor-column elementor-col-100 elementor-top-column elementor-element elementor-element-7380281\" data-id=\"7380281\" data-element_type=\"column\" data-settings=\"{&quot;background_background&quot;:&quot;classic&quot;}\">\n\t\t\t<div class=\"elementor-widget-wrap elementor-element-populated\">\n\t\t\t\t\t\t\t\t<div class=\"elementor-element elementor-element-85a120e elementor-widget elementor-widget-heading\" data-id=\"85a120e\" data-element_type=\"widget\" data-widget_type=\"heading.default\">\n\t\t\t\t<div class=\"elementor-widget-container\">\n\t\t\t<style>\/*! elementor - v3.17.0 - 08-11-2023 *\/\n.elementor-heading-title{padding:0;margin:0;line-height:1}.elementor-widget-heading .elementor-heading-title[class*=elementor-size-]>a{color:inherit;font-size:inherit;line-height:inherit}.elementor-widget-heading .elementor-heading-title.elementor-size-small{font-size:15px}.elementor-widget-heading .elementor-heading-title.elementor-size-medium{font-size:19px}.elementor-widget-heading .elementor-heading-title.elementor-size-large{font-size:29px}.elementor-widget-heading .elementor-heading-title.elementor-size-xl{font-size:39px}.elementor-widget-heading .elementor-heading-title.elementor-size-xxl{font-size:59px}<\/style><h3 class=\"elementor-heading-title elementor-size-default\">Formaci\u00f3n personal<\/h3>\t\t<\/div>\n\t\t\t\t<\/div>\n\t\t\t\t\t<\/div>\n\t\t<\/div>\n\t\t\t\t\t\t\t<\/div>\n\t\t<\/section>\n\t\t\t\t<section class=\"elementor-section elementor-top-section elementor-element elementor-element-d97f6bc elementor-section-boxed elementor-section-height-default elementor-section-height-default\" data-id=\"d97f6bc\" data-element_type=\"section\">\n\t\t\t\t\t\t<div class=\"elementor-container elementor-column-gap-default\">\n\t\t\t\t\t<div class=\"elementor-column elementor-col-50 elementor-top-column elementor-element elementor-element-09fcae6\" data-id=\"09fcae6\" data-element_type=\"column\">\n\t\t\t<div class=\"elementor-widget-wrap elementor-element-populated\">\n\t\t\t\t\t\t\t\t<div class=\"elementor-element elementor-element-07b3008 elementor-widget elementor-widget-text-editor\" data-id=\"07b3008\" data-element_type=\"widget\" data-widget_type=\"text-editor.default\">\n\t\t\t\t<div class=\"elementor-widget-container\">\n\t\t\t<style>\/*! elementor - v3.17.0 - 08-11-2023 *\/\n.elementor-widget-text-editor.elementor-drop-cap-view-stacked .elementor-drop-cap{background-color:#69727d;color:#fff}.elementor-widget-text-editor.elementor-drop-cap-view-framed .elementor-drop-cap{color:#69727d;border:3px solid;background-color:transparent}.elementor-widget-text-editor:not(.elementor-drop-cap-view-default) .elementor-drop-cap{margin-top:8px}.elementor-widget-text-editor:not(.elementor-drop-cap-view-default) .elementor-drop-cap-letter{width:1em;height:1em}.elementor-widget-text-editor .elementor-drop-cap{float:left;text-align:center;line-height:1;font-size:50px}.elementor-widget-text-editor .elementor-drop-cap-letter{display:inline-block}<\/style>\t\t\t\t<p>En la Instituci\u00f3n Educativa Privada \u00abSan Lucas\u00bb, creemos que la educaci\u00f3n va m\u00e1s all\u00e1 de las aulas y los libros de texto. Nuestra dedicaci\u00f3n a la formaci\u00f3n personal es lo que nos distingue. No solo nos esforzamos por transmitir conocimientos acad\u00e9micos, sino que tambi\u00e9n estamos comprometidos con el desarrollo integral de cada estudiante.<\/p><p>Nuestra filosof\u00eda se basa en la idea de que la educaci\u00f3n debe ser un viaje de autodescubrimiento y crecimiento constante. Promovemos valores como el respeto, la honestidad y la empat\u00eda, inculcando en nuestros estudiantes una base \u00e9tica s\u00f3lida que los guiar\u00e1 en su camino hacia el \u00e9xito.<\/p><p>A trav\u00e9s de programas de mentor\u00eda personalizada, nuestros profesores no solo son educadores, sino tambi\u00e9n gu\u00edas en este viaje de desarrollo. Ayudamos a los estudiantes a identificar sus pasiones, fortalezas y \u00e1reas de mejora, fomentando la autoconfianza y la autoestima.<\/p><p>La formaci\u00f3n personal en \u00abSan Lucas\u00bb tambi\u00e9n incluye el cultivo de habilidades sociales y emocionales. Creemos que saber trabajar en equipo, comunicarse efectivamente y resolver conflictos son habilidades esenciales en la vida. Mediante actividades extracurriculares, proyectos colaborativos y experiencias enriquecedoras, nuestros estudiantes aprenden a interactuar con otros de manera armoniosa y productiva.<\/p><p>Adem\u00e1s, no solo nos preocupamos por el \u00e9xito individual, sino tambi\u00e9n por el impacto positivo que nuestros estudiantes pueden tener en la sociedad. Promovemos la participaci\u00f3n en proyectos de responsabilidad social y servicio comunitario, ayudando a nuestros estudiantes a comprender la importancia de contribuir al bienestar colectivo.<\/p><p>En \u00abSan Lucas\u00bb, la formaci\u00f3n personal es una parte fundamental de la educaci\u00f3n que ofrecemos. Estamos comprometidos en nutrir no solo mentes brillantes, sino tambi\u00e9n individuos \u00e9ticos, emp\u00e1ticos y seguros de s\u00ed mismos que est\u00e1n listos para enfrentar los desaf\u00edos del mundo con determinaci\u00f3n y compasi\u00f3n.<\/p><p>La formaci\u00f3n personal en una instituci\u00f3n educativa cristiana se basa en varios principios esenciales:<\/p>\t\t\t\t\t\t<\/div>\n\t\t\t\t<\/div>\n\t\t\t\t\t<\/div>\n\t\t<\/div>\n\t\t\t\t<div class=\"elementor-column elementor-col-50 elementor-top-column elementor-element elementor-element-3ba9ecb\" data-id=\"3ba9ecb\" data-element_type=\"column\">\n\t\t\t<div class=\"elementor-widget-wrap elementor-element-populated\">\n\t\t\t\t\t\t\t\t<div class=\"elementor-element elementor-element-b7eaa84 elementor-widget elementor-widget-image\" data-id=\"b7eaa84\" data-element_type=\"widget\" data-widget_type=\"image.default\">\n\t\t\t\t<div class=\"elementor-widget-container\">\n\t\t\t<style>\/*! elementor - v3.17.0 - 08-11-2023 *\/\n.elementor-widget-image{text-align:center}.elementor-widget-image a{display:inline-block}.elementor-widget-image a img[src$=\".svg\"]{width:48px}.elementor-widget-image img{vertical-align:middle;display:inline-block}<\/style>\t\t\t\t\t\t\t\t\t\t\t\t<img decoding=\"async\" loading=\"lazy\" width=\"310\" height=\"766\" src=\"https:\/\/iepsanlucas.edu.pe\/wp-content\/uploads\/2023\/08\/formacion-personal-iep-san-lucas.webp\" class=\"attachment-large size-large wp-image-1376\" alt=\"\" srcset=\"https:\/\/iepsanlucas.edu.pe\/wp-content\/uploads\/2023\/08\/formacion-personal-iep-san-lucas.webp 310w, https:\/\/iepsanlucas.edu.pe\/wp-content\/uploads\/2023\/08\/formacion-personal-iep-san-lucas-121x300.webp 121w\" sizes=\"(max-width: 34.9rem) calc(100vw - 2rem), (max-width: 53rem) calc(8 * (100vw \/ 12)), (min-width: 53rem) calc(6 * (100vw \/ 12)), 100vw\" \/>\t\t\t\t\t\t\t\t\t\t\t\t\t\t\t<\/div>\n\t\t\t\t<\/div>\n\t\t\t\t\t<\/div>\n\t\t<\/div>\n\t\t\t\t\t\t\t<\/div>\n\t\t<\/section>\n\t\t\t\t\t\t\t<\/div>\n\t\t","protected":false},"excerpt":{"rendered":"<p>Formaci\u00f3n personal En la Instituci\u00f3n Educativa Privada \u00abSan Lucas\u00bb, creemos que la educaci\u00f3n va m\u00e1s all\u00e1 de las aulas y los libros de texto. Nuestra dedicaci\u00f3n a la formaci\u00f3n personal es lo que nos distingue. No solo nos esforzamos por transmitir conocimientos acad\u00e9micos, sino que tambi\u00e9n estamos comprometidos con el desarrollo integral de cada estudiante. &hellip; <\/p>\n<p class=\"link-more\"><a href=\"https:\/\/iepsanlucas.edu.pe\/index.php\/formacion-personal\/\" class=\"more-link\">Seguir leyendo<span class=\"screen-reader-text\"> \u00abFormaci\u00f3n personal\u00bb<\/span><\/a><\/p>\n","protected":false},"author":1,"featured_media":0,"parent":0,"menu_order":0,"comment_status":"closed","ping_status":"closed","template":"elementor_header_footer","meta":{"_eb_attr":"","footnotes":""},"_links":{"self":[{"href":"https:\/\/iepsanlucas.edu.pe\/index.php\/wp-json\/wp\/v2\/pages\/1217"}],"collection":[{"href":"https:\/\/iepsanlucas.edu.pe\/index.php\/wp-json\/wp\/v2\/pages"}],"about":[{"href":"https:\/\/iepsanlucas.edu.pe\/index.php\/wp-json\/wp\/v2\/types\/page"}],"author":[{"embeddable":true,"href":"https:\/\/iepsanlucas.edu.pe\/index.php\/wp-json\/wp\/v2\/users\/1"}],"replies":[{"embeddable":true,"href":"https:\/\/iepsanlucas.edu.pe\/index.php\/wp-json\/wp\/v2\/comments?post=1217"}],"version-history":[{"count":16,"href":"https:\/\/iepsanlucas.edu.pe\/index.php\/wp-json\/wp\/v2\/pages\/1217\/revisions"}],"predecessor-version":[{"id":1379,"href":"https:\/\/iepsanlucas.edu.pe\/index.php\/wp-json\/wp\/v2\/pages\/1217\/revisions\/1379"}],"wp:attachment":[{"href":"https:\/\/iepsanlucas.edu.pe\/index.php\/wp-json\/wp\/v2\/media?parent=1217"}],"curies":[{"name":"wp","href":"https:\/\/api.w.org\/{rel}","templated":true}]}}