{"id":1398,"date":"2023-08-12T03:40:57","date_gmt":"2023-08-12T03:40:57","guid":{"rendered":"https:\/\/iepsanlucas.edu.pe\/?page_id=1398"},"modified":"2023-09-21T06:31:49","modified_gmt":"2023-09-21T06:31:49","slug":"noticias","status":"publish","type":"page","link":"https:\/\/iepsanlucas.edu.pe\/index.php\/noticias\/","title":{"rendered":"Noticias"},"content":{"rendered":"\t\t<div data-elementor-type=\"wp-page\" data-elementor-id=\"1398\" class=\"elementor elementor-1398\">\n\t\t\t\t\t\t\t\t\t<section class=\"elementor-section elementor-top-section elementor-element elementor-element-2892ea8 elementor-section-boxed elementor-section-height-default elementor-section-height-default\" data-id=\"2892ea8\" data-element_type=\"section\">\n\t\t\t\t\t\t<div class=\"elementor-container elementor-column-gap-default\">\n\t\t\t\t\t<div class=\"elementor-column elementor-col-100 elementor-top-column elementor-element elementor-element-3603dd3\" data-id=\"3603dd3\" data-element_type=\"column\">\n\t\t\t<div class=\"elementor-widget-wrap elementor-element-populated\">\n\t\t\t\t\t\t\t\t<div class=\"elementor-element elementor-element-1c49303 elementor-widget elementor-widget-heading\" data-id=\"1c49303\" data-element_type=\"widget\" data-widget_type=\"heading.default\">\n\t\t\t\t<div class=\"elementor-widget-container\">\n\t\t\t<style>\/*! elementor - v3.17.0 - 08-11-2023 *\/\n.elementor-heading-title{padding:0;margin:0;line-height:1}.elementor-widget-heading .elementor-heading-title[class*=elementor-size-]>a{color:inherit;font-size:inherit;line-height:inherit}.elementor-widget-heading .elementor-heading-title.elementor-size-small{font-size:15px}.elementor-widget-heading .elementor-heading-title.elementor-size-medium{font-size:19px}.elementor-widget-heading .elementor-heading-title.elementor-size-large{font-size:29px}.elementor-widget-heading .elementor-heading-title.elementor-size-xl{font-size:39px}.elementor-widget-heading .elementor-heading-title.elementor-size-xxl{font-size:59px}<\/style><h3 class=\"elementor-heading-title elementor-size-default\">Bienvenido a la secci\u00f3n de noticias, comunicados y recursos\n<\/h3>\t\t<\/div>\n\t\t\t\t<\/div>\n\t\t\t\t\t<\/div>\n\t\t<\/div>\n\t\t\t\t\t\t\t<\/div>\n\t\t<\/section>\n\t\t\t\t<section class=\"elementor-section elementor-top-section elementor-element elementor-element-5d1085e elementor-section-boxed elementor-section-height-default elementor-section-height-default\" data-id=\"5d1085e\" data-element_type=\"section\" data-settings=\"{&quot;background_background&quot;:&quot;classic&quot;,&quot;shape_divider_bottom&quot;:&quot;mountains&quot;,&quot;shape_divider_top&quot;:&quot;mountains&quot;}\">\n\t\t\t\t\t\t\t<div class=\"elementor-background-overlay\"><\/div>\n\t\t\t\t\t\t<div class=\"elementor-shape elementor-shape-top\" data-negative=\"false\">\n\t\t\t<svg xmlns=\"http:\/\/www.w3.org\/2000\/svg\" viewBox=\"0 0 1000 100\" preserveAspectRatio=\"none\">\n\t<path class=\"elementor-shape-fill\" opacity=\"0.33\" d=\"M473,67.3c-203.9,88.3-263.1-34-320.3,0C66,119.1,0,59.7,0,59.7V0h1000v59.7 c0,0-62.1,26.1-94.9,29.3c-32.8,3.3-62.8-12.3-75.8-22.1C806,49.6,745.3,8.7,694.9,4.7S492.4,59,473,67.3z\"\/>\n\t<path class=\"elementor-shape-fill\" opacity=\"0.66\" d=\"M734,67.3c-45.5,0-77.2-23.2-129.1-39.1c-28.6-8.7-150.3-10.1-254,39.1 s-91.7-34.4-149.2,0C115.7,118.3,0,39.8,0,39.8V0h1000v36.5c0,0-28.2-18.5-92.1-18.5C810.2,18.1,775.7,67.3,734,67.3z\"\/>\n\t<path class=\"elementor-shape-fill\" d=\"M766.1,28.9c-200-57.5-266,65.5-395.1,19.5C242,1.8,242,5.4,184.8,20.6C128,35.8,132.3,44.9,89.9,52.5C28.6,63.7,0,0,0,0 h1000c0,0-9.9,40.9-83.6,48.1S829.6,47,766.1,28.9z\"\/>\n<\/svg>\t\t<\/div>\n\t\t\t\t<div class=\"elementor-shape elementor-shape-bottom\" data-negative=\"false\">\n\t\t\t<svg xmlns=\"http:\/\/www.w3.org\/2000\/svg\" viewBox=\"0 0 1000 100\" preserveAspectRatio=\"none\">\n\t<path class=\"elementor-shape-fill\" opacity=\"0.33\" d=\"M473,67.3c-203.9,88.3-263.1-34-320.3,0C66,119.1,0,59.7,0,59.7V0h1000v59.7 c0,0-62.1,26.1-94.9,29.3c-32.8,3.3-62.8-12.3-75.8-22.1C806,49.6,745.3,8.7,694.9,4.7S492.4,59,473,67.3z\"\/>\n\t<path class=\"elementor-shape-fill\" opacity=\"0.66\" d=\"M734,67.3c-45.5,0-77.2-23.2-129.1-39.1c-28.6-8.7-150.3-10.1-254,39.1 s-91.7-34.4-149.2,0C115.7,118.3,0,39.8,0,39.8V0h1000v36.5c0,0-28.2-18.5-92.1-18.5C810.2,18.1,775.7,67.3,734,67.3z\"\/>\n\t<path class=\"elementor-shape-fill\" d=\"M766.1,28.9c-200-57.5-266,65.5-395.1,19.5C242,1.8,242,5.4,184.8,20.6C128,35.8,132.3,44.9,89.9,52.5C28.6,63.7,0,0,0,0 h1000c0,0-9.9,40.9-83.6,48.1S829.6,47,766.1,28.9z\"\/>\n<\/svg>\t\t<\/div>\n\t\t\t\t\t<div class=\"elementor-container elementor-column-gap-default\">\n\t\t\t\t\t<div class=\"elementor-column elementor-col-100 elementor-top-column elementor-element elementor-element-4f71e27\" data-id=\"4f71e27\" data-element_type=\"column\">\n\t\t\t<div class=\"elementor-widget-wrap elementor-element-populated\">\n\t\t\t\t\t\t\t\t<div class=\"elementor-element elementor-element-1212886 elementor-posts--align-left elementor-grid-3 elementor-grid-tablet-2 elementor-grid-mobile-1 elementor-posts--thumbnail-top elementor-card-shadow-yes elementor-posts__hover-gradient elementor-widget elementor-widget-posts\" data-id=\"1212886\" data-element_type=\"widget\" data-settings=\"{&quot;cards_masonry&quot;:&quot;yes&quot;,&quot;pagination_type&quot;:&quot;numbers&quot;,&quot;cards_columns&quot;:&quot;3&quot;,&quot;cards_columns_tablet&quot;:&quot;2&quot;,&quot;cards_columns_mobile&quot;:&quot;1&quot;,&quot;cards_row_gap&quot;:{&quot;unit&quot;:&quot;px&quot;,&quot;size&quot;:35,&quot;sizes&quot;:[]},&quot;cards_row_gap_tablet&quot;:{&quot;unit&quot;:&quot;px&quot;,&quot;size&quot;:&quot;&quot;,&quot;sizes&quot;:[]},&quot;cards_row_gap_mobile&quot;:{&quot;unit&quot;:&quot;px&quot;,&quot;size&quot;:&quot;&quot;,&quot;sizes&quot;:[]}}\" data-widget_type=\"posts.cards\">\n\t\t\t\t<div class=\"elementor-widget-container\">\n\t\t\t<link rel=\"stylesheet\" href=\"https:\/\/iepsanlucas.edu.pe\/wp-content\/plugins\/elementor-pro\/assets\/css\/widget-posts.min.css\">\t\t<div class=\"elementor-posts-container elementor-posts elementor-posts--skin-cards elementor-grid\">\n\t\t\t\t<article class=\"elementor-post elementor-grid-item post-1914 post type-post status-publish format-standard has-post-thumbnail hentry category-orientacion-vocacional entry\">\n\t\t\t<div class=\"elementor-post__card\">\n\t\t\t\t<a class=\"elementor-post__thumbnail__link\" href=\"https:\/\/iepsanlucas.edu.pe\/index.php\/2023\/11\/25\/orientacion-vocacional-2023\/\" ><div class=\"elementor-post__thumbnail\"><img loading=\"lazy\" width=\"940\" height=\"788\" src=\"https:\/\/iepsanlucas.edu.pe\/wp-content\/uploads\/2023\/11\/395124737_6762499753787713_4967206785902427884_n.jpg\" class=\"attachment-full size-full wp-image-1915\" alt=\"\" decoding=\"async\" srcset=\"https:\/\/iepsanlucas.edu.pe\/wp-content\/uploads\/2023\/11\/395124737_6762499753787713_4967206785902427884_n.jpg 940w, https:\/\/iepsanlucas.edu.pe\/wp-content\/uploads\/2023\/11\/395124737_6762499753787713_4967206785902427884_n-300x251.jpg 300w, https:\/\/iepsanlucas.edu.pe\/wp-content\/uploads\/2023\/11\/395124737_6762499753787713_4967206785902427884_n-768x644.jpg 768w\" sizes=\"(max-width: 34.9rem) calc(100vw - 2rem), (max-width: 53rem) calc(8 * (100vw \/ 12)), (min-width: 53rem) calc(6 * (100vw \/ 12)), 100vw\" \/><\/div><\/a>\n\t\t\t\t<div class=\"elementor-post__badge\">Orientaci\u00f3n Vocacional<\/div>\n\t\t\t\t<div class=\"elementor-post__text\">\n\t\t\t\t<h4 class=\"elementor-post__title\">\n\t\t\t<a href=\"https:\/\/iepsanlucas.edu.pe\/index.php\/2023\/11\/25\/orientacion-vocacional-2023\/\" >\n\t\t\t\tOrientaci\u00f3n VOCACIONAL 2023\t\t\t<\/a>\n\t\t<\/h4>\n\t\t\t\t<div class=\"elementor-post__excerpt\">\n\t\t\t<p>El 16 de noviembre se realizar\u00e1 una maravillosa #Feria de #Orientaci\u00f3n#VOCACIONAL 2023. Con la presencia de 600 estudiantes del 5to a\u00f1o de secundaria, de diferentes instituciones educativas. con el prop\u00f3sito<\/p>\n\t\t<\/div>\n\t\t\n\t\t<a class=\"elementor-post__read-more\" href=\"https:\/\/iepsanlucas.edu.pe\/index.php\/2023\/11\/25\/orientacion-vocacional-2023\/\" aria-label=\"Read more about Orientaci\u00f3n VOCACIONAL 2023\" >\n\t\t\tLeer m\u00e1s \u00bb\t\t<\/a>\n\n\t\t\t\t<\/div>\n\t\t\t\t<div class=\"elementor-post__meta-data\">\n\t\t\t\t\t<span class=\"elementor-post-date\">\n\t\t\t25 de noviembre de 2023\t\t<\/span>\n\t\t\t\t<\/div>\n\t\t\t\t\t<\/div>\n\t\t<\/article>\n\t\t\t\t<article class=\"elementor-post elementor-grid-item post-1523 post type-post status-publish format-standard has-post-thumbnail hentry category-educacion-inicial category-noticias tag-iep-san-lucas tag-segunda-jerusalen entry\">\n\t\t\t<div class=\"elementor-post__card\">\n\t\t\t\t<a class=\"elementor-post__thumbnail__link\" href=\"https:\/\/iepsanlucas.edu.pe\/index.php\/2023\/08\/12\/pasacalle-por-dia-de-la-educacion-inicial\/\" ><div class=\"elementor-post__thumbnail\"><img loading=\"lazy\" width=\"300\" height=\"206\" src=\"https:\/\/iepsanlucas.edu.pe\/wp-content\/uploads\/2023\/08\/pasacalle-por-el-dia-de-la-educacion-inicial.webp\" class=\"attachment-full size-full wp-image-1593\" alt=\"\" decoding=\"async\" sizes=\"(max-width: 34.9rem) calc(100vw - 2rem), (max-width: 53rem) calc(8 * (100vw \/ 12)), (min-width: 53rem) calc(6 * (100vw \/ 12)), 100vw\" \/><\/div><\/a>\n\t\t\t\t<div class=\"elementor-post__badge\">Educaci\u00f3n Inicial<\/div>\n\t\t\t\t<div class=\"elementor-post__text\">\n\t\t\t\t<h4 class=\"elementor-post__title\">\n\t\t\t<a href=\"https:\/\/iepsanlucas.edu.pe\/index.php\/2023\/08\/12\/pasacalle-por-dia-de-la-educacion-inicial\/\" >\n\t\t\t\tPasacalle por d\u00eda de la Educaci\u00f3n Inicial\t\t\t<\/a>\n\t\t<\/h4>\n\t\t\t\t<div class=\"elementor-post__excerpt\">\n\t\t\t<p>!FELIZ D\u00cdA DE LA EDUCACI\u00d3N INICIAL!\u2026 https:\/\/iepsanlucas.edu.pe\/wp-content\/uploads\/2023\/08\/video-de-pasacalle-educacion-inicial.mp4<\/p>\n\t\t<\/div>\n\t\t\n\t\t<a class=\"elementor-post__read-more\" href=\"https:\/\/iepsanlucas.edu.pe\/index.php\/2023\/08\/12\/pasacalle-por-dia-de-la-educacion-inicial\/\" aria-label=\"Read more about Pasacalle por d\u00eda de la Educaci\u00f3n Inicial\" >\n\t\t\tLeer m\u00e1s \u00bb\t\t<\/a>\n\n\t\t\t\t<\/div>\n\t\t\t\t<div class=\"elementor-post__meta-data\">\n\t\t\t\t\t<span class=\"elementor-post-date\">\n\t\t\t12 de agosto de 2023\t\t<\/span>\n\t\t\t\t<\/div>\n\t\t\t\t\t<\/div>\n\t\t<\/article>\n\t\t\t\t<article class=\"elementor-post elementor-grid-item post-1519 post type-post status-publish format-standard has-post-thumbnail hentry category-banda-de-musicos category-noticias tag-iep-san-lucas tag-segunda-jerusalen entry\">\n\t\t\t<div class=\"elementor-post__card\">\n\t\t\t\t<a class=\"elementor-post__thumbnail__link\" href=\"https:\/\/iepsanlucas.edu.pe\/index.php\/2023\/08\/10\/banda-de-musica-de-nuestra-institucion-educativa-san-lucas\/\" ><div class=\"elementor-post__thumbnail\"><img loading=\"lazy\" width=\"300\" height=\"206\" src=\"https:\/\/iepsanlucas.edu.pe\/wp-content\/uploads\/2023\/08\/encabezado-noticia.webp\" class=\"attachment-full size-full wp-image-1563\" alt=\"\" decoding=\"async\" sizes=\"(max-width: 34.9rem) calc(100vw - 2rem), (max-width: 53rem) calc(8 * (100vw \/ 12)), (min-width: 53rem) calc(6 * (100vw \/ 12)), 100vw\" \/><\/div><\/a>\n\t\t\t\t<div class=\"elementor-post__badge\">Banda de m\u00fasicos<\/div>\n\t\t\t\t<div class=\"elementor-post__text\">\n\t\t\t\t<h4 class=\"elementor-post__title\">\n\t\t\t<a href=\"https:\/\/iepsanlucas.edu.pe\/index.php\/2023\/08\/10\/banda-de-musica-de-nuestra-institucion-educativa-san-lucas\/\" >\n\t\t\t\tBanda de M\u00fasicos de nuestra I.E\t\t\t<\/a>\n\t\t<\/h4>\n\t\t\t\t<div class=\"elementor-post__excerpt\">\n\t\t\t<p>Banda de M\u00fasica de nuestra Instituci\u00f3n Educativa San Lucas Con un gran compromiso y respeto hacia nuestra patria, nuestra banda de m\u00fasicos nos represent\u00f3 en el desfile organizado por la<\/p>\n\t\t<\/div>\n\t\t\n\t\t<a class=\"elementor-post__read-more\" href=\"https:\/\/iepsanlucas.edu.pe\/index.php\/2023\/08\/10\/banda-de-musica-de-nuestra-institucion-educativa-san-lucas\/\" aria-label=\"Read more about Banda de M\u00fasicos de nuestra I.E\" >\n\t\t\tLeer m\u00e1s \u00bb\t\t<\/a>\n\n\t\t\t\t<\/div>\n\t\t\t\t<div class=\"elementor-post__meta-data\">\n\t\t\t\t\t<span class=\"elementor-post-date\">\n\t\t\t10 de agosto de 2023\t\t<\/span>\n\t\t\t\t<\/div>\n\t\t\t\t\t<\/div>\n\t\t<\/article>\n\t\t\t\t<article class=\"elementor-post elementor-grid-item post-1521 post type-post status-publish format-standard has-post-thumbnail hentry category-dia-del-logro category-noticias category-resultados-de-la-enzenanza tag-iep-san-lucas tag-segunda-jerusalen entry\">\n\t\t\t<div class=\"elementor-post__card\">\n\t\t\t\t<a class=\"elementor-post__thumbnail__link\" href=\"https:\/\/iepsanlucas.edu.pe\/index.php\/2023\/08\/09\/dia-del-logro-i\/\" ><div class=\"elementor-post__thumbnail\"><img loading=\"lazy\" width=\"300\" height=\"206\" src=\"https:\/\/iepsanlucas.edu.pe\/wp-content\/uploads\/2023\/08\/dia-del-logro-I.webp\" class=\"attachment-full size-full wp-image-1579\" alt=\"\" decoding=\"async\" sizes=\"(max-width: 34.9rem) calc(100vw - 2rem), (max-width: 53rem) calc(8 * (100vw \/ 12)), (min-width: 53rem) calc(6 * (100vw \/ 12)), 100vw\" \/><\/div><\/a>\n\t\t\t\t<div class=\"elementor-post__badge\">Dia del logro<\/div>\n\t\t\t\t<div class=\"elementor-post__text\">\n\t\t\t\t<h4 class=\"elementor-post__title\">\n\t\t\t<a href=\"https:\/\/iepsanlucas.edu.pe\/index.php\/2023\/08\/09\/dia-del-logro-i\/\" >\n\t\t\t\tD\u00eda del Logro &#8211; I\t\t\t<\/a>\n\t\t<\/h4>\n\t\t\t\t<div class=\"elementor-post__excerpt\">\n\t\t\t<p>D\u00eda del logro I &#8211; 2023 El d\u00eda del logro es una experiencia maravillosa, es una tremenda oportunidad para que los estudiantes expongan sus aprendizajes de cada semestre. En nuestra<\/p>\n\t\t<\/div>\n\t\t\n\t\t<a class=\"elementor-post__read-more\" href=\"https:\/\/iepsanlucas.edu.pe\/index.php\/2023\/08\/09\/dia-del-logro-i\/\" aria-label=\"Read more about D\u00eda del Logro &#8211; I\" >\n\t\t\tLeer m\u00e1s \u00bb\t\t<\/a>\n\n\t\t\t\t<\/div>\n\t\t\t\t<div class=\"elementor-post__meta-data\">\n\t\t\t\t\t<span class=\"elementor-post-date\">\n\t\t\t9 de agosto de 2023\t\t<\/span>\n\t\t\t\t<\/div>\n\t\t\t\t\t<\/div>\n\t\t<\/article>\n\t\t\t\t<article class=\"elementor-post elementor-grid-item post-1525 post type-post status-publish format-standard has-post-thumbnail hentry category-banda-de-musicos category-noticias tag-iep-san-lucas tag-segunda-jerusalen entry\">\n\t\t\t<div class=\"elementor-post__card\">\n\t\t\t\t<a class=\"elementor-post__thumbnail__link\" href=\"https:\/\/iepsanlucas.edu.pe\/index.php\/2023\/06\/06\/ensayo-de-nuestra-banda-de-musicos\/\" ><div class=\"elementor-post__thumbnail\"><img loading=\"lazy\" width=\"300\" height=\"206\" src=\"https:\/\/iepsanlucas.edu.pe\/wp-content\/uploads\/2023\/08\/ensayo-de-banda-de-musicos.webp\" class=\"attachment-full size-full wp-image-1613\" alt=\"\" decoding=\"async\" sizes=\"(max-width: 34.9rem) calc(100vw - 2rem), (max-width: 53rem) calc(8 * (100vw \/ 12)), (min-width: 53rem) calc(6 * (100vw \/ 12)), 100vw\" \/><\/div><\/a>\n\t\t\t\t<div class=\"elementor-post__badge\">Banda de m\u00fasicos<\/div>\n\t\t\t\t<div class=\"elementor-post__text\">\n\t\t\t\t<h4 class=\"elementor-post__title\">\n\t\t\t<a href=\"https:\/\/iepsanlucas.edu.pe\/index.php\/2023\/06\/06\/ensayo-de-nuestra-banda-de-musicos\/\" >\n\t\t\t\tImposici\u00f3n de cordones de las brigadas escolares\t\t\t<\/a>\n\t\t<\/h4>\n\t\t\t\t<div class=\"elementor-post__excerpt\">\n\t\t\t<p>Ensayo de nuestra banda de m\u00fasicos Educa a tus hijos para que se controlen a s\u00ed mismos, tengan el h\u00e1bito de mantener la pasi\u00f3n y los prejuicios y las malas<\/p>\n\t\t<\/div>\n\t\t\n\t\t<a class=\"elementor-post__read-more\" href=\"https:\/\/iepsanlucas.edu.pe\/index.php\/2023\/06\/06\/ensayo-de-nuestra-banda-de-musicos\/\" aria-label=\"Read more about Imposici\u00f3n de cordones de las brigadas escolares\" >\n\t\t\tLeer m\u00e1s \u00bb\t\t<\/a>\n\n\t\t\t\t<\/div>\n\t\t\t\t<div class=\"elementor-post__meta-data\">\n\t\t\t\t\t<span class=\"elementor-post-date\">\n\t\t\t6 de junio de 2023\t\t<\/span>\n\t\t\t\t<\/div>\n\t\t\t\t\t<\/div>\n\t\t<\/article>\n\t\t\t\t<article class=\"elementor-post elementor-grid-item post-1 post type-post status-publish format-standard has-post-thumbnail hentry category-bienvenida category-noticias tag-iep-san-lucas tag-segunda-jerusalen entry\">\n\t\t\t<div class=\"elementor-post__card\">\n\t\t\t\t<a class=\"elementor-post__thumbnail__link\" href=\"https:\/\/iepsanlucas.edu.pe\/index.php\/2023\/06\/01\/bienvenidos\/\" ><div class=\"elementor-post__thumbnail\"><img loading=\"lazy\" width=\"300\" height=\"206\" src=\"https:\/\/iepsanlucas.edu.pe\/wp-content\/uploads\/2023\/06\/bienvenidos-eip-san-lucas-jerusalen.webp\" class=\"attachment-full size-full wp-image-1422\" alt=\"\" decoding=\"async\" sizes=\"(max-width: 34.9rem) calc(100vw - 2rem), (max-width: 53rem) calc(8 * (100vw \/ 12)), (min-width: 53rem) calc(6 * (100vw \/ 12)), 100vw\" \/><\/div><\/a>\n\t\t\t\t<div class=\"elementor-post__badge\">Bienvenida<\/div>\n\t\t\t\t<div class=\"elementor-post__text\">\n\t\t\t\t<h4 class=\"elementor-post__title\">\n\t\t\t<a href=\"https:\/\/iepsanlucas.edu.pe\/index.php\/2023\/06\/01\/bienvenidos\/\" >\n\t\t\t\t\u00a1Bienvenidos!\t\t\t<\/a>\n\t\t<\/h4>\n\t\t\t\t<div class=\"elementor-post__excerpt\">\n\t\t\t<p>Es un placer darles la m\u00e1s cordial bienvenida a nuestra comunidad educativa, un espacio donde el aprendizaje trasciende las aulas y se convierte en una experiencia enriquecedora y transformadora. En<\/p>\n\t\t<\/div>\n\t\t\n\t\t<a class=\"elementor-post__read-more\" href=\"https:\/\/iepsanlucas.edu.pe\/index.php\/2023\/06\/01\/bienvenidos\/\" aria-label=\"Read more about \u00a1Bienvenidos!\" >\n\t\t\tLeer m\u00e1s \u00bb\t\t<\/a>\n\n\t\t\t\t<\/div>\n\t\t\t\t<div class=\"elementor-post__meta-data\">\n\t\t\t\t\t<span class=\"elementor-post-date\">\n\t\t\t1 de junio de 2023\t\t<\/span>\n\t\t\t\t<\/div>\n\t\t\t\t\t<\/div>\n\t\t<\/article>\n\t\t\t\t<\/div>\n\t\t\n\t\t\t\t<div class=\"e-load-more-anchor\" data-page=\"1\" data-max-page=\"2\" data-next-page=\"https:\/\/iepsanlucas.edu.pe\/index.php\/wp-json\/wp\/v2\/pages\/1398\/page\/2\/\"><\/div>\n\t\t\t\t<nav class=\"elementor-pagination\" aria-label=\"Pagination\">\n\t\t\t<span aria-current=\"page\" class=\"page-numbers current\"><span class=\"elementor-screen-only\">Page<\/span>1<\/span>\n<a class=\"page-numbers\" href=\"https:\/\/iepsanlucas.edu.pe\/index.php\/wp-json\/wp\/v2\/pages\/1398\/page\/2\/\"><span class=\"elementor-screen-only\">Page<\/span>2<\/a>\t\t<\/nav>\n\t\t\t\t<\/div>\n\t\t\t\t<\/div>\n\t\t\t\t\t<\/div>\n\t\t<\/div>\n\t\t\t\t\t\t\t<\/div>\n\t\t<\/section>\n\t\t\t\t\t\t\t<\/div>\n\t\t","protected":false},"excerpt":{"rendered":"<p>Bienvenido a la secci\u00f3n de noticias, comunicados y recursos<\/p>\n","protected":false},"author":1,"featured_media":0,"parent":0,"menu_order":0,"comment_status":"closed","ping_status":"closed","template":"elementor_header_footer","meta":{"_eb_attr":"","footnotes":""},"_links":{"self":[{"href":"https:\/\/iepsanlucas.edu.pe\/index.php\/wp-json\/wp\/v2\/pages\/1398"}],"collection":[{"href":"https:\/\/iepsanlucas.edu.pe\/index.php\/wp-json\/wp\/v2\/pages"}],"about":[{"href":"https:\/\/iepsanlucas.edu.pe\/index.php\/wp-json\/wp\/v2\/types\/page"}],"author":[{"embeddable":true,"href":"https:\/\/iepsanlucas.edu.pe\/index.php\/wp-json\/wp\/v2\/users\/1"}],"replies":[{"embeddable":true,"href":"https:\/\/iepsanlucas.edu.pe\/index.php\/wp-json\/wp\/v2\/comments?post=1398"}],"version-history":[{"count":88,"href":"https:\/\/iepsanlucas.edu.pe\/index.php\/wp-json\/wp\/v2\/pages\/1398\/revisions"}],"predecessor-version":[{"id":1760,"href":"https:\/\/iepsanlucas.edu.pe\/index.php\/wp-json\/wp\/v2\/pages\/1398\/revisions\/1760"}],"wp:attachment":[{"href":"https:\/\/iepsanlucas.edu.pe\/index.php\/wp-json\/wp\/v2\/media?parent=1398"}],"curies":[{"name":"wp","href":"https:\/\/api.w.org\/{rel}","templated":true}]}}